{"id":424,"date":"2024-06-08T14:22:14","date_gmt":"2024-06-08T14:22:14","guid":{"rendered":"https:\/\/www.zahnaerztekammernordrhein.de\/yda\/?page_id=424"},"modified":"2025-11-13T15:59:02","modified_gmt":"2025-11-13T15:59:02","slug":"hvm-budget","status":"publish","type":"page","link":"https:\/\/www.zahnaerztekammernordrhein.de\/yda\/inhalte-module\/hvm-budget\/","title":{"rendered":"HVM &#038; Budget"},"content":{"rendered":"\n<style type=\"text\/css\" data-created_by=\"avia_inline_auto\" id=\"style-css-av-21w6j4-671d16a57a24aa802accf226544e9df3\">\n.avia-section.av-21w6j4-671d16a57a24aa802accf226544e9df3{\nbackground-color:#30424c;\nbackground-image:unset;\n}\n<\/style>\n<div id='av_section_1'  class='avia-section av-21w6j4-671d16a57a24aa802accf226544e9df3 main_color avia-section-default avia-no-border-styling  avia-builder-el-0  el_before_av_section  avia-builder-el-first  avia-bg-style-scroll av-minimum-height av-minimum-height-custom av-height-custom  container_wrap fullsize'   data-av_minimum_height_px='150'><div class='container av-section-cont-open' style='height:150px'><main  role=\"main\" itemprop=\"mainContentOfPage\"  class='template-page content  av-content-full alpha units'><div class='post-entry post-entry-type-page post-entry-424'><div class='entry-content-wrapper clearfix'>\n<style type=\"text\/css\" data-created_by=\"avia_inline_auto\" id=\"style-css-av-lx67egyw-089ef4304c3d3823a941577519695a7d\">\n#top .av-special-heading.av-lx67egyw-089ef4304c3d3823a941577519695a7d{\npadding-bottom:10px;\ncolor:#ffffff;\n}\nbody .av-special-heading.av-lx67egyw-089ef4304c3d3823a941577519695a7d .av-special-heading-tag .heading-char{\nfont-size:25px;\n}\n.av-special-heading.av-lx67egyw-089ef4304c3d3823a941577519695a7d .special-heading-inner-border{\nborder-color:#ffffff;\n}\n.av-special-heading.av-lx67egyw-089ef4304c3d3823a941577519695a7d .av-subheading{\nfont-size:15px;\n}\nbody .av-special-heading.av-lx67egyw-089ef4304c3d3823a941577519695a7d .av-special-heading-tag .heading-wrap:before{\nborder-color:#ffffff;\n}\nbody .av-special-heading.av-lx67egyw-089ef4304c3d3823a941577519695a7d .av-special-heading-tag .heading-wrap:after{\nborder-color:#ffffff;\n}\n<\/style>\n<div  class='av-special-heading av-lx67egyw-089ef4304c3d3823a941577519695a7d av-special-heading-h1 custom-color-heading blockquote modern-quote modern-centered  avia-builder-el-1  avia-builder-el-no-sibling  spaced'><h1 class='av-special-heading-tag '  itemprop=\"headline\"  >HVM <span class='special_amp'>&amp;<\/span> Budget <\/h1><div class=\"special-heading-border\"><div class=\"special-heading-inner-border\"><\/div><\/div><\/div>\n<\/div><\/div><\/main><!-- close content main element --><\/div><\/div>\n<style type=\"text\/css\" data-created_by=\"avia_inline_auto\" id=\"style-css-av-1wdsk0-f832b8567fe021b77d907c605b63658b\">\n.avia-section.av-1wdsk0-f832b8567fe021b77d907c605b63658b{\nbackground-repeat:no-repeat;\nbackground-image:url(https:\/\/www.zahnaerztekammernordrhein.de\/yda\/wp-content\/uploads\/2024\/05\/sonne_halb.png);\nbackground-position:50% 100%;\nbackground-attachment:scroll;\n}\n<\/style>\n<div id='av_section_2'  class='avia-section av-1wdsk0-f832b8567fe021b77d907c605b63658b main_color avia-section-default avia-no-border-styling  avia-builder-el-2  el_after_av_section  el_before_av_hr  bg-sun-landscape avia-bg-style-scroll container_wrap fullsize'  data-section-bg-repeat='no-repeat'><div class='container av-section-cont-open' ><div class='template-page content  av-content-full alpha units'><div class='post-entry post-entry-type-page post-entry-424'><div class='entry-content-wrapper clearfix'>\n<div class='flex_column_table av-1r3z80-d3fca774235119f5ab69f6a081b7374a sc-av_three_fifth av-equal-height-column-flextable'><div  class='flex_column av-1r3z80-d3fca774235119f5ab69f6a081b7374a av_three_fifth  avia-builder-el-3  el_before_av_two_fifth  avia-builder-el-first  first flex_column_table_cell av-equal-height-column av-align-top  '     ><p>\n<style type=\"text\/css\" data-created_by=\"avia_inline_auto\" id=\"style-css-av-lx67emzl-8949181f4a2640c213f12ce39e70c90c\">\n#top .av-special-heading.av-lx67emzl-8949181f4a2640c213f12ce39e70c90c{\npadding-bottom:10px;\n}\nbody .av-special-heading.av-lx67emzl-8949181f4a2640c213f12ce39e70c90c .av-special-heading-tag .heading-char{\nfont-size:25px;\n}\n.av-special-heading.av-lx67emzl-8949181f4a2640c213f12ce39e70c90c .av-subheading{\nfont-size:15px;\n}\n<\/style>\n<div  class='av-special-heading av-lx67emzl-8949181f4a2640c213f12ce39e70c90c av-special-heading-h3 blockquote modern-quote  avia-builder-el-4  el_before_av_textblock  avia-builder-el-first '><h3 class='av-special-heading-tag '  itemprop=\"headline\"  >Honorarverteilungsma\u00dfstab <span class='special_amp'>&amp;<\/span> Budget: Steuer die Praxisfinanzen effektiv!<\/h3><div class=\"special-heading-border\"><div class=\"special-heading-inner-border\"><\/div><\/div><\/div><br \/>\n<section  class='av_textblock_section av-m0attzmr-4eef986ba8ca6536dc5c8ba19b7e5b59 '   itemscope=\"itemscope\" itemtype=\"https:\/\/schema.org\/CreativeWork\" ><div class='avia_textblock'  itemprop=\"text\" ><p><strong>R\u00fcste dich mit Wissen, um trotz \u00f6konomischer Herausforderungen erfolgreich zu sein!<\/strong><\/p>\n<p>Erfahre, wie du die finanziellen Aspekte der Praxis effektiv managst. Dieser Kurs erl\u00e4utert die Grundlagen und die Mechanismen des Honorarverteilungsma\u00dfstabs (HVM), sodass du betriebswirtschaftlich fundierte Entscheidungen treffen kannst. Lerne vorhersehbare Honorarverluste zu vermeiden.<\/p>\n<\/div><\/section><br \/>\n<section  class='av_textblock_section av-m0atmhzm-167224aa3ae348d108050c7bca937712 '   itemscope=\"itemscope\" itemtype=\"https:\/\/schema.org\/CreativeWork\" ><div class='avia_textblock'  itemprop=\"text\" ><p><strong>Was dich erwartet:<\/strong><\/p>\n<\/div><\/section><br \/>\n<div  class='avia-icon-list-container av-m0atdifc-dc082a125e667573e3a8444333354806  avia-builder-el-7  el_after_av_textblock  el_before_av_textblock '><ul class='avia-icon-list avia_animate_when_almost_visible avia-icon-list-left av-iconlist-small av-m0atdifc-dc082a125e667573e3a8444333354806 avia-iconlist-animate'><li><div class='iconlist_icon av-m0at7qe5-4b6de69619a887ad8e2b21d03c8ca02b avia-font-entypo-fontello avia-iconfont avia-font-entypo-fontello'><span class='av-icon-char' data-av_icon='\ue812' data-av_iconfont='entypo-fontello' aria-hidden=\"true\"><\/span><\/div><article class=\"article-icon-entry \"  itemscope=\"itemscope\" itemtype=\"https:\/\/schema.org\/CreativeWork\" ><div class=\"iconlist_content_wrap\"><header class=\"entry-content-header\" aria-label=\"Icon: Budgetierung und budgetierte Leistungen: \"><div class='av_iconlist_title iconlist_title_small  '  itemprop=\"headline\" >Budgetierung und budgetierte Leistungen: <\/div><\/header><div class='iconlist_content '  itemprop=\"text\" ><p>Verstehe die Bedeutung des Budgets in der zahnmedizinischen Praxis und lerne, wie budgetierte Leistungen deine Abrechnungen beeinflussen.<\/p>\n<\/div><\/div><footer class=\"entry-footer\"><\/footer><\/article><div class=\"iconlist-timeline\"><\/div><\/li><li><div class='iconlist_icon av-m0at8jys-c21c96c01cc5d199f71e393aecb1b159 avia-font-entypo-fontello avia-iconfont avia-font-entypo-fontello'><span class='av-icon-char' data-av_icon='\ue812' data-av_iconfont='entypo-fontello' aria-hidden=\"true\"><\/span><\/div><article class=\"article-icon-entry \"  itemscope=\"itemscope\" itemtype=\"https:\/\/schema.org\/CreativeWork\" ><div class=\"iconlist_content_wrap\"><header class=\"entry-content-header\" aria-label=\"Icon: Aufgaben des HVM: \"><div class='av_iconlist_title iconlist_title_small  '  itemprop=\"headline\" >Aufgaben des HVM: <\/div><\/header><div class='iconlist_content '  itemprop=\"text\" ><p>Entdecke die Rolle des HVM in der Honorarverteilung und wie dieser deine Eink\u00fcnfte sch\u00fctzt.*<\/p>\n<\/div><\/div><footer class=\"entry-footer\"><\/footer><\/article><div class=\"iconlist-timeline\"><\/div><\/li><li><div class='iconlist_icon av-m0at9bil-9e385e3823a7e42c3a57960aa3f7a757 avia-font-entypo-fontello avia-iconfont avia-font-entypo-fontello'><span class='av-icon-char' data-av_icon='\ue812' data-av_iconfont='entypo-fontello' aria-hidden=\"true\"><\/span><\/div><article class=\"article-icon-entry \"  itemscope=\"itemscope\" itemtype=\"https:\/\/schema.org\/CreativeWork\" ><div class=\"iconlist_content_wrap\"><header class=\"entry-content-header\" aria-label=\"Icon: Volumen A + B: \"><div class='av_iconlist_title iconlist_title_small  '  itemprop=\"headline\" >Volumen A + B: <\/div><\/header><div class='iconlist_content '  itemprop=\"text\" ><p>Erfahre mehr \u00fcber die Dynamik zwischen verschiedenen Budgett\u00f6pfen und deren Auswirkungen auf die Praxis.<\/p>\n<\/div><\/div><footer class=\"entry-footer\"><\/footer><\/article><div class=\"iconlist-timeline\"><\/div><\/li><li><div class='iconlist_icon av-m0ata1tk-77479a3c90935242700646cc85fbd38a avia-font-entypo-fontello avia-iconfont avia-font-entypo-fontello'><span class='av-icon-char' data-av_icon='\ue812' data-av_iconfont='entypo-fontello' aria-hidden=\"true\"><\/span><\/div><article class=\"article-icon-entry \"  itemscope=\"itemscope\" itemtype=\"https:\/\/schema.org\/CreativeWork\" ><div class=\"iconlist_content_wrap\"><header class=\"entry-content-header\" aria-label=\"Icon: Praxisindividuelles Kontingent: \"><div class='av_iconlist_title iconlist_title_small  '  itemprop=\"headline\" >Praxisindividuelles Kontingent: <\/div><\/header><div class='iconlist_content '  itemprop=\"text\" ><p>Verstehe, wie dein individuelles Kontingent berechnet wird und wie du es optimal nutzt.<\/p>\n<\/div><\/div><footer class=\"entry-footer\"><\/footer><\/article><div class=\"iconlist-timeline\"><\/div><\/li><li><div class='iconlist_icon av-m0atb8r3-ea4514d74485d4fd79dc55a2b81043de avia-font-entypo-fontello avia-iconfont avia-font-entypo-fontello'><span class='av-icon-char' data-av_icon='\ue812' data-av_iconfont='entypo-fontello' aria-hidden=\"true\"><\/span><\/div><article class=\"article-icon-entry \"  itemscope=\"itemscope\" itemtype=\"https:\/\/schema.org\/CreativeWork\" ><div class=\"iconlist_content_wrap\"><header class=\"entry-content-header\" aria-label=\"Icon: Berechnung m\u00f6glicher Einbehalte: \"><div class='av_iconlist_title iconlist_title_small  '  itemprop=\"headline\" >Berechnung m\u00f6glicher Einbehalte: <\/div><\/header><div class='iconlist_content '  itemprop=\"text\" ><p>Lerne, wie Einbehalte berechnet werden und wie du finanzielle \u00dcberraschungen vermeidest.<\/p>\n<\/div><\/div><footer class=\"entry-footer\"><\/footer><\/article><div class=\"iconlist-timeline\"><\/div><\/li><li><div class='iconlist_icon av-m0atcgg3-598e89b6c58b9de01b78bf13273a5bbd avia-font-entypo-fontello avia-iconfont avia-font-entypo-fontello'><span class='av-icon-char' data-av_icon='\ue812' data-av_iconfont='entypo-fontello' aria-hidden=\"true\"><\/span><\/div><article class=\"article-icon-entry \"  itemscope=\"itemscope\" itemtype=\"https:\/\/schema.org\/CreativeWork\" ><div class=\"iconlist_content_wrap\"><header class=\"entry-content-header\" aria-label=\"Icon: Unterst\u00fctzung f\u00fcr Neugr\u00fcnder und Chirurgen\/-innen\"><div class='av_iconlist_title iconlist_title_small  '  itemprop=\"headline\" >Unterst\u00fctzung f\u00fcr Neugr\u00fcnder und Chirurgen\/-innen<\/div><\/header><div class='iconlist_content '  itemprop=\"text\" ><p>Erhalte Tipps, die auf die Bed\u00fcrfnisse von Neugr\u00fcndungen und chirurgisch t\u00e4tigen Zahn\u00e4rztinnen und Zahn\u00e4rzte zugeschnitten sind.<\/p>\n<\/div><\/div><footer class=\"entry-footer\"><\/footer><\/article><div class=\"iconlist-timeline\"><\/div><\/li><li><div class='iconlist_icon av-m0atde6p-1716d59d869fef6e32480b4f80651827 avia-font-entypo-fontello avia-iconfont avia-font-entypo-fontello'><span class='av-icon-char' data-av_icon='\ue812' data-av_iconfont='entypo-fontello' aria-hidden=\"true\"><\/span><\/div><article class=\"article-icon-entry av-iconlist-empty\"  itemscope=\"itemscope\" itemtype=\"https:\/\/schema.org\/CreativeWork\" ><div class=\"iconlist_content_wrap\"><header class=\"entry-content-header\" aria-label=\"Icon: Kalkulationshilfen\"><div class='av_iconlist_title iconlist_title_small  '  itemprop=\"headline\" >Kalkulationshilfen<\/div><\/header><div class='iconlist_content '  itemprop=\"text\" ><\/div><\/div><footer class=\"entry-footer\"><\/footer><\/article><div class=\"iconlist-timeline\"><\/div><\/li><\/ul><\/div><br \/>\n<section  class='av_textblock_section av-m0ateb2g-2aa3c5b2ca80fd622f952fa20826d2e1 '   itemscope=\"itemscope\" itemtype=\"https:\/\/schema.org\/CreativeWork\" ><div class='avia_textblock'  itemprop=\"text\" ><p><sup>*<\/sup> <sup>Der Sparzwang in der Gesetzlichen Krankenversicherung bedeutete die Begrenzung der Bezahlung f\u00fcr zahn\u00e4rztliche Leistungen. Eingef\u00fchrt wurde eine zwingende Obergrenze f\u00fcr die Gesamtverg\u00fctungen, im allgemeinen Sprachgebrauch als \u201eBudget\u201c bezeichnet. In der Folge konnten die von den Zahn\u00e4rztinnen und Zahn\u00e4rzten erbrachten Leistungen und somit auch angeforderten Honorare nicht mehr ungek\u00fcrzt ausgezahlt werden. Ohne Steuerung w\u00fcrde dabei eine Abw\u00e4rtsspirale entstehen. Der Honorarma\u00dfstab der KZV Nordrhein regelt die K\u00fcrzungen so, dass sie berechenbar werden.<\/sup><\/p>\n<\/div><\/section><\/p><\/div><div class='av-flex-placeholder'><\/div><div  class='flex_column av-1igp7c-87e3146523275ee1c4d2e936047868bb av_two_fifth  avia-builder-el-9  el_after_av_three_fifth  avia-builder-el-last  flex_column_table_cell av-equal-height-column av-align-top  '     ><section  class='av_textblock_section av-4yofc-59f53a5d260f82d13e3e51d75b951363 '   itemscope=\"itemscope\" itemtype=\"https:\/\/schema.org\/CreativeWork\" ><div class='avia_textblock yda-program-box-headline'  itemprop=\"text\" ><h3>TERMIN\u00dcBERSICHT<\/h3>\n<\/div><\/section><br \/>\n<section  class='av_textblock_section av-lx67eyrt-e08082cd6135cfb885c70ed860ae661c '   itemscope=\"itemscope\" itemtype=\"https:\/\/schema.org\/CreativeWork\" ><div class='avia_textblock yda-program-box'  itemprop=\"text\" ><ul>\n<li>Sa, 28.11.2026 | 10:00 &#8211; 11:30 Uhr<\/li>\n<\/ul>\n<\/div><\/section><\/p><\/div><\/div><!--close column table wrapper. Autoclose: 1 --><\/div><\/div><\/div><!-- close content main div --><\/div><\/div><div id='after_section_2'  class='main_color av_default_container_wrap container_wrap fullsize'  ><div class='container av-section-cont-open' ><div class='template-page content  av-content-full alpha units'><div class='post-entry post-entry-type-page post-entry-424'><div class='entry-content-wrapper clearfix'><div  class='hr av-17hlfs-a08686570f6b68b09e68b5c315f6c10e hr-default  avia-builder-el-12  el_after_av_section  el_before_av_section  avia-builder-el-no-sibling '><span class='hr-inner '><span class=\"hr-inner-style\"><\/span><\/span><\/div><\/p>\n<\/div><\/div><\/div><!-- close content main div --><\/div><\/div><div id='av_section_3'  class='avia-section av-14uo00-1643bce98967b0728f8213d76a8d3275 main_color avia-section-default avia-no-border-styling  avia-builder-el-13  el_after_av_hr  avia-builder-el-last  avia-bg-style-scroll container_wrap fullsize'  ><div class='container av-section-cont-open' ><div class='template-page content  av-content-full alpha units'><div class='post-entry post-entry-type-page post-entry-424'><div class='entry-content-wrapper clearfix'><div  class='flex_column av-xrjl4-6afaec8fd3e9126fc420f462ad08f290 av_one_full  avia-builder-el-14  el_before_av_one_third  avia-builder-el-first  first flex_column_div  '     ><style type=\"text\/css\" data-created_by=\"avia_inline_auto\" id=\"style-css-av-t4ks8-59f5eec53b0c83dffcb39e4660cccd1e\">\n#top .av-special-heading.av-t4ks8-59f5eec53b0c83dffcb39e4660cccd1e{\npadding-bottom:10px;\n}\nbody .av-special-heading.av-t4ks8-59f5eec53b0c83dffcb39e4660cccd1e .av-special-heading-tag .heading-char{\nfont-size:25px;\n}\n.av-special-heading.av-t4ks8-59f5eec53b0c83dffcb39e4660cccd1e .av-subheading{\nfont-size:15px;\n}\n<\/style>\n<div  class='av-special-heading av-t4ks8-59f5eec53b0c83dffcb39e4660cccd1e av-special-heading-h2 blockquote modern-quote modern-centered  avia-builder-el-15  avia-builder-el-no-sibling '><h2 class='av-special-heading-tag '  itemprop=\"headline\"  >Referenten<\/h2><div class=\"special-heading-border\"><div class=\"special-heading-inner-border\"><\/div><\/div><\/div><\/div><div  class='flex_column av-mywug-ce06ba541cb97d57b38011bbe4da4445 av_one_third  avia-builder-el-16  el_after_av_one_full  el_before_av_one_third  first flex_column_div  column-top-margin'     ><\/div><div  class='flex_column av-ftpl4-4c997ca2ac2931e2531c2c373ecdbd8c av_one_third  avia-builder-el-17  el_after_av_one_third  el_before_av_one_third  flex_column_div  column-top-margin'     ><section  class='avia-team-member av-lx67fb9n-05200c4884d1042eb91543a077a2cfce  avia-builder-el-18  avia-builder-el-no-sibling '  itemscope=\"itemscope\" itemtype=\"https:\/\/schema.org\/Person\" ><div class=\"team-img-container\"><img decoding=\"async\" fetchpriority=\"high\" class='wp-image-433 avia-img-lazy-loading-not-433 avia_image avia_image_team' src=\"https:\/\/www.zahnaerztekammernordrhein.de\/yda\/wp-content\/uploads\/2024\/06\/Wagner.jpg\" alt='Dr. Ralf Wagner'  itemprop=\"image\"   height=\"512\" width=\"512\" srcset=\"https:\/\/www.zahnaerztekammernordrhein.de\/yda\/wp-content\/uploads\/2024\/06\/Wagner.jpg 512w, https:\/\/www.zahnaerztekammernordrhein.de\/yda\/wp-content\/uploads\/2024\/06\/Wagner-300x300.jpg 300w, https:\/\/www.zahnaerztekammernordrhein.de\/yda\/wp-content\/uploads\/2024\/06\/Wagner-80x80.jpg 80w, https:\/\/www.zahnaerztekammernordrhein.de\/yda\/wp-content\/uploads\/2024\/06\/Wagner-36x36.jpg 36w, https:\/\/www.zahnaerztekammernordrhein.de\/yda\/wp-content\/uploads\/2024\/06\/Wagner-180x180.jpg 180w\" sizes=\"(max-width: 512px) 100vw, 512px\" \/><\/div><h3 class='team-member-name '  itemprop=\"name\" >Dr. Ralf Wagner<\/h3><div class='team-member-job-title '  itemprop=\"jobTitle\" >Ehrenvorsitzender der KZV Nordrhein<\/div><span class='hidden team-member-affiliation'  itemprop=\"affiliation\" >YDA<\/span><\/section><\/div><div  class='flex_column av-uyiw-91e4ea8a580d81e827a65429bf3c82a7 av_one_third  avia-builder-el-19  el_after_av_one_third  avia-builder-el-last  flex_column_div  column-top-margin'     ><\/div>\n","protected":false},"excerpt":{"rendered":"","protected":false},"author":1,"featured_media":0,"parent":108,"menu_order":0,"comment_status":"closed","ping_status":"closed","template":"","meta":{"footnotes":""},"class_list":["post-424","page","type-page","status-publish","hentry"],"_links":{"self":[{"href":"https:\/\/www.zahnaerztekammernordrhein.de\/yda\/wp-json\/wp\/v2\/pages\/424","targetHints":{"allow":["GET"]}}],"collection":[{"href":"https:\/\/www.zahnaerztekammernordrhein.de\/yda\/wp-json\/wp\/v2\/pages"}],"about":[{"href":"https:\/\/www.zahnaerztekammernordrhein.de\/yda\/wp-json\/wp\/v2\/types\/page"}],"author":[{"embeddable":true,"href":"https:\/\/www.zahnaerztekammernordrhein.de\/yda\/wp-json\/wp\/v2\/users\/1"}],"replies":[{"embeddable":true,"href":"https:\/\/www.zahnaerztekammernordrhein.de\/yda\/wp-json\/wp\/v2\/comments?post=424"}],"version-history":[{"count":5,"href":"https:\/\/www.zahnaerztekammernordrhein.de\/yda\/wp-json\/wp\/v2\/pages\/424\/revisions"}],"predecessor-version":[{"id":1704,"href":"https:\/\/www.zahnaerztekammernordrhein.de\/yda\/wp-json\/wp\/v2\/pages\/424\/revisions\/1704"}],"up":[{"embeddable":true,"href":"https:\/\/www.zahnaerztekammernordrhein.de\/yda\/wp-json\/wp\/v2\/pages\/108"}],"wp:attachment":[{"href":"https:\/\/www.zahnaerztekammernordrhein.de\/yda\/wp-json\/wp\/v2\/media?parent=424"}],"curies":[{"name":"wp","href":"https:\/\/api.w.org\/{rel}","templated":true}]}}